{"id":5226,"date":"2024-02-13T12:56:39","date_gmt":"2024-02-13T11:56:39","guid":{"rendered":"https:\/\/www.camping-portesdariege.com\/le-camping\/plan-du-camping\/"},"modified":"2026-03-30T09:56:16","modified_gmt":"2026-03-30T07:56:16","slug":"plan-du-camping","status":"publish","type":"page","link":"https:\/\/www.camping-portesdariege.com\/en\/le-camping\/plan-du-camping\/","title":{"rendered":"Campsite&#8217;s map"},"content":{"rendered":"","protected":false},"excerpt":{"rendered":"","protected":false},"author":3,"featured_media":0,"parent":5220,"menu_order":1,"comment_status":"closed","ping_status":"closed","template":"","meta":{"_acf_changed":false,"inline_featured_image":false,"footnotes":""},"class_list":["post-5226","page","type-page","status-publish","hentry"],"acf":[],"yoast_head":"<!-- This site is optimized with the Yoast SEO plugin v27.2 - https:\/\/yoast.com\/product\/yoast-seo-wordpress\/ -->\n<title>Plan du Camping Portes d\u2019Ari\u00e8ge \u00e0 Pamiers | Emplacements Spacieux et Commodit\u00e9s en Occitanie<\/title>\n<meta name=\"description\" content=\"D\u00e9couvrez le plan du camping Portes d\u2019Ari\u00e8ge \u00e0 Pamiers. Profitez d&#039;emplacements spacieux, de commodit\u00e9s telles que piscine, aire de jeux, restaurant et bien plus encore. R\u00e9servez d\u00e8s maintenant pour des vacances id\u00e9ales en Occitanie !\" \/>\n<meta name=\"robots\" content=\"index, follow, max-snippet:-1, max-image-preview:large, max-video-preview:-1\" \/>\n<link rel=\"canonical\" href=\"https:\/\/www.camping-portesdariege.com\/en\/le-camping\/plan-du-camping\/\" \/>\n<meta property=\"og:locale\" content=\"en_US\" \/>\n<meta property=\"og:type\" content=\"article\" \/>\n<meta property=\"og:title\" content=\"Plan du Camping Portes d\u2019Ari\u00e8ge \u00e0 Pamiers | Emplacements Spacieux et Commodit\u00e9s en Occitanie\" \/>\n<meta property=\"og:description\" content=\"D\u00e9couvrez le plan du camping Portes d\u2019Ari\u00e8ge \u00e0 Pamiers. Profitez d&#039;emplacements spacieux, de commodit\u00e9s telles que piscine, aire de jeux, restaurant et bien plus encore. R\u00e9servez d\u00e8s maintenant pour des vacances id\u00e9ales en Occitanie !\" \/>\n<meta property=\"og:url\" content=\"https:\/\/www.camping-portesdariege.com\/en\/le-camping\/plan-du-camping\/\" \/>\n<meta property=\"og:site_name\" content=\"Camping Porte d&#039;Ariege\" \/>\n<meta property=\"article:modified_time\" content=\"2026-03-30T07:56:16+00:00\" \/>\n<meta name=\"twitter:card\" content=\"summary_large_image\" \/>\n<script type=\"application\/ld+json\" class=\"yoast-schema-graph\">{\"@context\":\"https:\/\/schema.org\",\"@graph\":[{\"@type\":\"WebPage\",\"@id\":\"https:\/\/www.camping-portesdariege.com\/en\/le-camping\/plan-du-camping\/\",\"url\":\"https:\/\/www.camping-portesdariege.com\/en\/le-camping\/plan-du-camping\/\",\"name\":\"Plan du Camping Portes d\u2019Ari\u00e8ge \u00e0 Pamiers | Emplacements Spacieux et Commodit\u00e9s en Occitanie\",\"isPartOf\":{\"@id\":\"https:\/\/www.camping-portesdariege.com\/en\/#website\"},\"datePublished\":\"2024-02-13T11:56:39+00:00\",\"dateModified\":\"2026-03-30T07:56:16+00:00\",\"description\":\"D\u00e9couvrez le plan du camping Portes d\u2019Ari\u00e8ge \u00e0 Pamiers. Profitez d'emplacements spacieux, de commodit\u00e9s telles que piscine, aire de jeux, restaurant et bien plus encore. R\u00e9servez d\u00e8s maintenant pour des vacances id\u00e9ales en Occitanie !\",\"breadcrumb\":{\"@id\":\"https:\/\/www.camping-portesdariege.com\/en\/le-camping\/plan-du-camping\/#breadcrumb\"},\"inLanguage\":\"en-US\",\"potentialAction\":[{\"@type\":\"ReadAction\",\"target\":[\"https:\/\/www.camping-portesdariege.com\/en\/le-camping\/plan-du-camping\/\"]}]},{\"@type\":\"BreadcrumbList\",\"@id\":\"https:\/\/www.camping-portesdariege.com\/en\/le-camping\/plan-du-camping\/#breadcrumb\",\"itemListElement\":[{\"@type\":\"ListItem\",\"position\":1,\"name\":\"Home\",\"item\":\"https:\/\/www.camping-portesdariege.com\/en\/\"},{\"@type\":\"ListItem\",\"position\":2,\"name\":\"The campsite\",\"item\":\"https:\/\/www.camping-portesdariege.com\/en\/le-camping\/\"},{\"@type\":\"ListItem\",\"position\":3,\"name\":\"Campsite&rsquo;s map\"}]},{\"@type\":\"WebSite\",\"@id\":\"https:\/\/www.camping-portesdariege.com\/en\/#website\",\"url\":\"https:\/\/www.camping-portesdariege.com\/en\/\",\"name\":\"Camping Porte d&#039;Ariege\",\"description\":\"Camping Porte d&#039;Ariege\",\"publisher\":{\"@id\":\"https:\/\/www.camping-portesdariege.com\/en\/#organization\"},\"potentialAction\":[{\"@type\":\"SearchAction\",\"target\":{\"@type\":\"EntryPoint\",\"urlTemplate\":\"https:\/\/www.camping-portesdariege.com\/en\/?s={search_term_string}\"},\"query-input\":{\"@type\":\"PropertyValueSpecification\",\"valueRequired\":true,\"valueName\":\"search_term_string\"}}],\"inLanguage\":\"en-US\"},{\"@type\":\"Organization\",\"@id\":\"https:\/\/www.camping-portesdariege.com\/en\/#organization\",\"name\":\"Camping Porte d&#039;Ariege\",\"url\":\"https:\/\/www.camping-portesdariege.com\/en\/\",\"logo\":{\"@type\":\"ImageObject\",\"inLanguage\":\"en-US\",\"@id\":\"https:\/\/www.camping-portesdariege.com\/en\/#\/schema\/logo\/image\/\",\"url\":\"https:\/\/www.camping-portesdariege.com\/wp-content\/uploads\/cropped-logo-porte-ariege.png\",\"contentUrl\":\"https:\/\/www.camping-portesdariege.com\/wp-content\/uploads\/cropped-logo-porte-ariege.png\",\"width\":140,\"height\":150,\"caption\":\"Camping Porte d&#039;Ariege\"},\"image\":{\"@id\":\"https:\/\/www.camping-portesdariege.com\/en\/#\/schema\/logo\/image\/\"}}]}<\/script>\n<!-- \/ Yoast SEO plugin. -->","yoast_head_json":{"title":"Plan du Camping Portes d\u2019Ari\u00e8ge \u00e0 Pamiers | Emplacements Spacieux et Commodit\u00e9s en Occitanie","description":"D\u00e9couvrez le plan du camping Portes d\u2019Ari\u00e8ge \u00e0 Pamiers. Profitez d'emplacements spacieux, de commodit\u00e9s telles que piscine, aire de jeux, restaurant et bien plus encore. R\u00e9servez d\u00e8s maintenant pour des vacances id\u00e9ales en Occitanie !","robots":{"index":"index","follow":"follow","max-snippet":"max-snippet:-1","max-image-preview":"max-image-preview:large","max-video-preview":"max-video-preview:-1"},"canonical":"https:\/\/www.camping-portesdariege.com\/en\/le-camping\/plan-du-camping\/","og_locale":"en_US","og_type":"article","og_title":"Plan du Camping Portes d\u2019Ari\u00e8ge \u00e0 Pamiers | Emplacements Spacieux et Commodit\u00e9s en Occitanie","og_description":"D\u00e9couvrez le plan du camping Portes d\u2019Ari\u00e8ge \u00e0 Pamiers. Profitez d'emplacements spacieux, de commodit\u00e9s telles que piscine, aire de jeux, restaurant et bien plus encore. R\u00e9servez d\u00e8s maintenant pour des vacances id\u00e9ales en Occitanie !","og_url":"https:\/\/www.camping-portesdariege.com\/en\/le-camping\/plan-du-camping\/","og_site_name":"Camping Porte d&#039;Ariege","article_modified_time":"2026-03-30T07:56:16+00:00","twitter_card":"summary_large_image","schema":{"@context":"https:\/\/schema.org","@graph":[{"@type":"WebPage","@id":"https:\/\/www.camping-portesdariege.com\/en\/le-camping\/plan-du-camping\/","url":"https:\/\/www.camping-portesdariege.com\/en\/le-camping\/plan-du-camping\/","name":"Plan du Camping Portes d\u2019Ari\u00e8ge \u00e0 Pamiers | Emplacements Spacieux et Commodit\u00e9s en Occitanie","isPartOf":{"@id":"https:\/\/www.camping-portesdariege.com\/en\/#website"},"datePublished":"2024-02-13T11:56:39+00:00","dateModified":"2026-03-30T07:56:16+00:00","description":"D\u00e9couvrez le plan du camping Portes d\u2019Ari\u00e8ge \u00e0 Pamiers. Profitez d'emplacements spacieux, de commodit\u00e9s telles que piscine, aire de jeux, restaurant et bien plus encore. R\u00e9servez d\u00e8s maintenant pour des vacances id\u00e9ales en Occitanie !","breadcrumb":{"@id":"https:\/\/www.camping-portesdariege.com\/en\/le-camping\/plan-du-camping\/#breadcrumb"},"inLanguage":"en-US","potentialAction":[{"@type":"ReadAction","target":["https:\/\/www.camping-portesdariege.com\/en\/le-camping\/plan-du-camping\/"]}]},{"@type":"BreadcrumbList","@id":"https:\/\/www.camping-portesdariege.com\/en\/le-camping\/plan-du-camping\/#breadcrumb","itemListElement":[{"@type":"ListItem","position":1,"name":"Home","item":"https:\/\/www.camping-portesdariege.com\/en\/"},{"@type":"ListItem","position":2,"name":"The campsite","item":"https:\/\/www.camping-portesdariege.com\/en\/le-camping\/"},{"@type":"ListItem","position":3,"name":"Campsite&rsquo;s map"}]},{"@type":"WebSite","@id":"https:\/\/www.camping-portesdariege.com\/en\/#website","url":"https:\/\/www.camping-portesdariege.com\/en\/","name":"Camping Porte d&#039;Ariege","description":"Camping Porte d&#039;Ariege","publisher":{"@id":"https:\/\/www.camping-portesdariege.com\/en\/#organization"},"potentialAction":[{"@type":"SearchAction","target":{"@type":"EntryPoint","urlTemplate":"https:\/\/www.camping-portesdariege.com\/en\/?s={search_term_string}"},"query-input":{"@type":"PropertyValueSpecification","valueRequired":true,"valueName":"search_term_string"}}],"inLanguage":"en-US"},{"@type":"Organization","@id":"https:\/\/www.camping-portesdariege.com\/en\/#organization","name":"Camping Porte d&#039;Ariege","url":"https:\/\/www.camping-portesdariege.com\/en\/","logo":{"@type":"ImageObject","inLanguage":"en-US","@id":"https:\/\/www.camping-portesdariege.com\/en\/#\/schema\/logo\/image\/","url":"https:\/\/www.camping-portesdariege.com\/wp-content\/uploads\/cropped-logo-porte-ariege.png","contentUrl":"https:\/\/www.camping-portesdariege.com\/wp-content\/uploads\/cropped-logo-porte-ariege.png","width":140,"height":150,"caption":"Camping Porte d&#039;Ariege"},"image":{"@id":"https:\/\/www.camping-portesdariege.com\/en\/#\/schema\/logo\/image\/"}}]}},"_links":{"self":[{"href":"https:\/\/www.camping-portesdariege.com\/en\/wp-json\/wp\/v2\/pages\/5226","targetHints":{"allow":["GET"]}}],"collection":[{"href":"https:\/\/www.camping-portesdariege.com\/en\/wp-json\/wp\/v2\/pages"}],"about":[{"href":"https:\/\/www.camping-portesdariege.com\/en\/wp-json\/wp\/v2\/types\/page"}],"author":[{"embeddable":true,"href":"https:\/\/www.camping-portesdariege.com\/en\/wp-json\/wp\/v2\/users\/3"}],"replies":[{"embeddable":true,"href":"https:\/\/www.camping-portesdariege.com\/en\/wp-json\/wp\/v2\/comments?post=5226"}],"version-history":[{"count":0,"href":"https:\/\/www.camping-portesdariege.com\/en\/wp-json\/wp\/v2\/pages\/5226\/revisions"}],"up":[{"embeddable":true,"href":"https:\/\/www.camping-portesdariege.com\/en\/wp-json\/wp\/v2\/pages\/5220"}],"wp:attachment":[{"href":"https:\/\/www.camping-portesdariege.com\/en\/wp-json\/wp\/v2\/media?parent=5226"}],"curies":[{"name":"wp","href":"https:\/\/api.w.org\/{rel}","templated":true}]}}