{"id":5229,"date":"2024-02-13T12:56:39","date_gmt":"2024-02-13T11:56:39","guid":{"rendered":"https:\/\/www.camping-portesdariege.com\/le-camping\/tarifs\/"},"modified":"2026-04-01T15:10:33","modified_gmt":"2026-04-01T13:10:33","slug":"tarifs","status":"publish","type":"page","link":"https:\/\/www.camping-portesdariege.com\/es\/le-camping\/tarifs\/","title":{"rendered":"Precios"},"content":{"rendered":"\n<figure class=\"wp-block-gallery has-nested-images columns-default is-cropped wp-block-gallery-2 is-layout-flex wp-block-gallery-is-layout-flex\"><\/figure>\n","protected":false},"excerpt":{"rendered":"","protected":false},"author":3,"featured_media":0,"parent":5221,"menu_order":2,"comment_status":"closed","ping_status":"closed","template":"","meta":{"_acf_changed":false,"inline_featured_image":false,"footnotes":""},"class_list":["post-5229","page","type-page","status-publish","hentry"],"acf":[],"yoast_head":"<!-- This site is optimized with the Yoast SEO plugin v27.2 - https:\/\/yoast.com\/product\/yoast-seo-wordpress\/ -->\n<title>Tarifs du Camping Portes d\u2019Ari\u00e8ge \u00e0 Pamiers | Tarifs pour des Vacances en Occitanie<\/title>\n<meta name=\"description\" content=\"D\u00e9couvrez les tarifs du camping Portes d\u2019Ari\u00e8ge \u00e0 Pamiers. Profitez de prix abordables pour des emplacements spacieux, des locations confortables et des services de qualit\u00e9. R\u00e9servez d\u00e8s maintenant pour des vacances inoubliables en Occitanie !\" \/>\n<meta name=\"robots\" content=\"index, follow, max-snippet:-1, max-image-preview:large, max-video-preview:-1\" \/>\n<link rel=\"canonical\" href=\"https:\/\/www.camping-portesdariege.com\/es\/le-camping\/tarifs\/\" \/>\n<meta property=\"og:locale\" content=\"es_ES\" \/>\n<meta property=\"og:type\" content=\"article\" \/>\n<meta property=\"og:title\" content=\"Tarifs du Camping Portes d\u2019Ari\u00e8ge \u00e0 Pamiers | Tarifs pour des Vacances en Occitanie\" \/>\n<meta property=\"og:description\" content=\"D\u00e9couvrez les tarifs du camping Portes d\u2019Ari\u00e8ge \u00e0 Pamiers. Profitez de prix abordables pour des emplacements spacieux, des locations confortables et des services de qualit\u00e9. R\u00e9servez d\u00e8s maintenant pour des vacances inoubliables en Occitanie !\" \/>\n<meta property=\"og:url\" content=\"https:\/\/www.camping-portesdariege.com\/es\/le-camping\/tarifs\/\" \/>\n<meta property=\"og:site_name\" content=\"Camping Porte d&#039;Ariege\" \/>\n<meta property=\"article:modified_time\" content=\"2026-04-01T13:10:33+00:00\" \/>\n<meta name=\"twitter:card\" content=\"summary_large_image\" \/>\n<meta name=\"twitter:label1\" content=\"Tiempo de lectura\" \/>\n\t<meta name=\"twitter:data1\" content=\"1 minuto\" \/>\n<script type=\"application\/ld+json\" class=\"yoast-schema-graph\">{\"@context\":\"https:\/\/schema.org\",\"@graph\":[{\"@type\":\"WebPage\",\"@id\":\"https:\/\/www.camping-portesdariege.com\/es\/le-camping\/tarifs\/\",\"url\":\"https:\/\/www.camping-portesdariege.com\/es\/le-camping\/tarifs\/\",\"name\":\"Tarifs du Camping Portes d\u2019Ari\u00e8ge \u00e0 Pamiers | Tarifs pour des Vacances en Occitanie\",\"isPartOf\":{\"@id\":\"https:\/\/www.camping-portesdariege.com\/es\/#website\"},\"datePublished\":\"2024-02-13T11:56:39+00:00\",\"dateModified\":\"2026-04-01T13:10:33+00:00\",\"description\":\"D\u00e9couvrez les tarifs du camping Portes d\u2019Ari\u00e8ge \u00e0 Pamiers. Profitez de prix abordables pour des emplacements spacieux, des locations confortables et des services de qualit\u00e9. R\u00e9servez d\u00e8s maintenant pour des vacances inoubliables en Occitanie !\",\"breadcrumb\":{\"@id\":\"https:\/\/www.camping-portesdariege.com\/es\/le-camping\/tarifs\/#breadcrumb\"},\"inLanguage\":\"es\",\"potentialAction\":[{\"@type\":\"ReadAction\",\"target\":[\"https:\/\/www.camping-portesdariege.com\/es\/le-camping\/tarifs\/\"]}]},{\"@type\":\"BreadcrumbList\",\"@id\":\"https:\/\/www.camping-portesdariege.com\/es\/le-camping\/tarifs\/#breadcrumb\",\"itemListElement\":[{\"@type\":\"ListItem\",\"position\":1,\"name\":\"Inicio\",\"item\":\"https:\/\/www.camping-portesdariege.com\/es\/\"},{\"@type\":\"ListItem\",\"position\":2,\"name\":\"El camping\",\"item\":\"https:\/\/www.camping-portesdariege.com\/es\/le-camping\/\"},{\"@type\":\"ListItem\",\"position\":3,\"name\":\"Precios\"}]},{\"@type\":\"WebSite\",\"@id\":\"https:\/\/www.camping-portesdariege.com\/es\/#website\",\"url\":\"https:\/\/www.camping-portesdariege.com\/es\/\",\"name\":\"Camping Porte d&#039;Ariege\",\"description\":\"Camping Porte d&#039;Ariege\",\"potentialAction\":[{\"@type\":\"SearchAction\",\"target\":{\"@type\":\"EntryPoint\",\"urlTemplate\":\"https:\/\/www.camping-portesdariege.com\/es\/?s={search_term_string}\"},\"query-input\":{\"@type\":\"PropertyValueSpecification\",\"valueRequired\":true,\"valueName\":\"search_term_string\"}}],\"inLanguage\":\"es\"}]}<\/script>\n<!-- \/ Yoast SEO plugin. -->","yoast_head_json":{"title":"Tarifs du Camping Portes d\u2019Ari\u00e8ge \u00e0 Pamiers | Tarifs pour des Vacances en Occitanie","description":"D\u00e9couvrez les tarifs du camping Portes d\u2019Ari\u00e8ge \u00e0 Pamiers. Profitez de prix abordables pour des emplacements spacieux, des locations confortables et des services de qualit\u00e9. R\u00e9servez d\u00e8s maintenant pour des vacances inoubliables en Occitanie !","robots":{"index":"index","follow":"follow","max-snippet":"max-snippet:-1","max-image-preview":"max-image-preview:large","max-video-preview":"max-video-preview:-1"},"canonical":"https:\/\/www.camping-portesdariege.com\/es\/le-camping\/tarifs\/","og_locale":"es_ES","og_type":"article","og_title":"Tarifs du Camping Portes d\u2019Ari\u00e8ge \u00e0 Pamiers | Tarifs pour des Vacances en Occitanie","og_description":"D\u00e9couvrez les tarifs du camping Portes d\u2019Ari\u00e8ge \u00e0 Pamiers. Profitez de prix abordables pour des emplacements spacieux, des locations confortables et des services de qualit\u00e9. R\u00e9servez d\u00e8s maintenant pour des vacances inoubliables en Occitanie !","og_url":"https:\/\/www.camping-portesdariege.com\/es\/le-camping\/tarifs\/","og_site_name":"Camping Porte d&#039;Ariege","article_modified_time":"2026-04-01T13:10:33+00:00","twitter_card":"summary_large_image","twitter_misc":{"Tiempo de lectura":"1 minuto"},"schema":{"@context":"https:\/\/schema.org","@graph":[{"@type":"WebPage","@id":"https:\/\/www.camping-portesdariege.com\/es\/le-camping\/tarifs\/","url":"https:\/\/www.camping-portesdariege.com\/es\/le-camping\/tarifs\/","name":"Tarifs du Camping Portes d\u2019Ari\u00e8ge \u00e0 Pamiers | Tarifs pour des Vacances en Occitanie","isPartOf":{"@id":"https:\/\/www.camping-portesdariege.com\/es\/#website"},"datePublished":"2024-02-13T11:56:39+00:00","dateModified":"2026-04-01T13:10:33+00:00","description":"D\u00e9couvrez les tarifs du camping Portes d\u2019Ari\u00e8ge \u00e0 Pamiers. Profitez de prix abordables pour des emplacements spacieux, des locations confortables et des services de qualit\u00e9. R\u00e9servez d\u00e8s maintenant pour des vacances inoubliables en Occitanie !","breadcrumb":{"@id":"https:\/\/www.camping-portesdariege.com\/es\/le-camping\/tarifs\/#breadcrumb"},"inLanguage":"es","potentialAction":[{"@type":"ReadAction","target":["https:\/\/www.camping-portesdariege.com\/es\/le-camping\/tarifs\/"]}]},{"@type":"BreadcrumbList","@id":"https:\/\/www.camping-portesdariege.com\/es\/le-camping\/tarifs\/#breadcrumb","itemListElement":[{"@type":"ListItem","position":1,"name":"Inicio","item":"https:\/\/www.camping-portesdariege.com\/es\/"},{"@type":"ListItem","position":2,"name":"El camping","item":"https:\/\/www.camping-portesdariege.com\/es\/le-camping\/"},{"@type":"ListItem","position":3,"name":"Precios"}]},{"@type":"WebSite","@id":"https:\/\/www.camping-portesdariege.com\/es\/#website","url":"https:\/\/www.camping-portesdariege.com\/es\/","name":"Camping Porte d&#039;Ariege","description":"Camping Porte d&#039;Ariege","potentialAction":[{"@type":"SearchAction","target":{"@type":"EntryPoint","urlTemplate":"https:\/\/www.camping-portesdariege.com\/es\/?s={search_term_string}"},"query-input":{"@type":"PropertyValueSpecification","valueRequired":true,"valueName":"search_term_string"}}],"inLanguage":"es"}]}},"_links":{"self":[{"href":"https:\/\/www.camping-portesdariege.com\/es\/wp-json\/wp\/v2\/pages\/5229","targetHints":{"allow":["GET"]}}],"collection":[{"href":"https:\/\/www.camping-portesdariege.com\/es\/wp-json\/wp\/v2\/pages"}],"about":[{"href":"https:\/\/www.camping-portesdariege.com\/es\/wp-json\/wp\/v2\/types\/page"}],"author":[{"embeddable":true,"href":"https:\/\/www.camping-portesdariege.com\/es\/wp-json\/wp\/v2\/users\/3"}],"replies":[{"embeddable":true,"href":"https:\/\/www.camping-portesdariege.com\/es\/wp-json\/wp\/v2\/comments?post=5229"}],"version-history":[{"count":0,"href":"https:\/\/www.camping-portesdariege.com\/es\/wp-json\/wp\/v2\/pages\/5229\/revisions"}],"up":[{"embeddable":true,"href":"https:\/\/www.camping-portesdariege.com\/es\/wp-json\/wp\/v2\/pages\/5221"}],"wp:attachment":[{"href":"https:\/\/www.camping-portesdariege.com\/es\/wp-json\/wp\/v2\/media?parent=5229"}],"curies":[{"name":"wp","href":"https:\/\/api.w.org\/{rel}","templated":true}]}}